{"id":18,"date":"2021-07-19T20:15:45","date_gmt":"2021-07-19T17:15:45","guid":{"rendered":"https:\/\/jarviseutuseurafi.test.cchosting.fi\/?page_id=18"},"modified":"2023-05-24T08:33:47","modified_gmt":"2023-05-24T05:33:47","slug":"linkkeja","status":"publish","type":"page","link":"https:\/\/jarviseutuseura.fi\/index.php\/linkkeja\/","title":{"rendered":"Linkkej\u00e4"},"content":{"rendered":"\n<ul class=\"wp-block-list\">\n<li><a href=\"https:\/\/kotiseutuliitto.fi\/\" target=\"_blank\" rel=\"noreferrer noopener\">Suomen Kotiseutuliitto<\/a><\/li>\n\n\n\n<li><a href=\"https:\/\/kotiseutuliitto.fi\/jarjesto\/jasenet\/jasenluettelo\/\" target=\"_blank\" rel=\"noreferrer noopener\">Suomen Kotiseutuliitton j\u00e4senluettelo<\/a><\/li>\n\n\n\n<li><a href=\"https:\/\/www.evijarvensukututkijat.fi\/\">Evij\u00e4rven sukututkijat ry<\/a><\/li>\n\n\n\n<li><a href=\"https:\/\/www.jarviseudunsanomat.fi\/\" target=\"_blank\" rel=\"noreferrer noopener\">J\u00e4rviseudun Sanomat sanomalehti<\/a><\/li>\n\n\n\n<li><a href=\"https:\/\/www.alajarviseura.fi\/\" target=\"_blank\" rel=\"noreferrer noopener\">Alaj\u00e4rvi-Seura Ry<\/a><\/li>\n\n\n\n<li><a rel=\"noreferrer noopener\" href=\"https:\/\/uittomieskamppa.wordpress.com\/\" target=\"_blank\">Evij\u00e4rvi-Seura ry<\/a><\/li>\n\n\n\n<li><a rel=\"noreferrer noopener\" href=\"http:\/\/www.lappajarviseura.fi\/\" target=\"_blank\">Lappaj\u00e4rvi-seura<\/a><\/li>\n\n\n\n<li><a href=\"https:\/\/kotiseudut.fi\/soiniseura\" target=\"_blank\" rel=\"noreferrer noopener\">Soini-Seura ry<\/a><\/li>\n\n\n\n<li><a href=\"http:\/\/www.vimpeliseura.fi\/\" target=\"_blank\" rel=\"noreferrer noopener\">Vimpeli-Seura<\/a><\/li>\n\n\n\n<li><a href=\"https:\/\/talonpoikainelamaa.fi\/\" target=\"_blank\" rel=\"noreferrer noopener\">V\u00e4in\u00f6ntalo el\u00e4v\u00e4ksi -hanke<\/a><\/li>\n<\/ul>\n","protected":false},"excerpt":{"rendered":"","protected":false},"author":2,"featured_media":0,"parent":0,"menu_order":0,"comment_status":"closed","ping_status":"closed","template":"","meta":{"footnotes":""},"class_list":["post-18","page","type-page","status-publish","hentry"],"_links":{"self":[{"href":"https:\/\/jarviseutuseura.fi\/index.php\/wp-json\/wp\/v2\/pages\/18","targetHints":{"allow":["GET"]}}],"collection":[{"href":"https:\/\/jarviseutuseura.fi\/index.php\/wp-json\/wp\/v2\/pages"}],"about":[{"href":"https:\/\/jarviseutuseura.fi\/index.php\/wp-json\/wp\/v2\/types\/page"}],"author":[{"embeddable":true,"href":"https:\/\/jarviseutuseura.fi\/index.php\/wp-json\/wp\/v2\/users\/2"}],"replies":[{"embeddable":true,"href":"https:\/\/jarviseutuseura.fi\/index.php\/wp-json\/wp\/v2\/comments?post=18"}],"version-history":[{"count":6,"href":"https:\/\/jarviseutuseura.fi\/index.php\/wp-json\/wp\/v2\/pages\/18\/revisions"}],"predecessor-version":[{"id":80,"href":"https:\/\/jarviseutuseura.fi\/index.php\/wp-json\/wp\/v2\/pages\/18\/revisions\/80"}],"wp:attachment":[{"href":"https:\/\/jarviseutuseura.fi\/index.php\/wp-json\/wp\/v2\/media?parent=18"}],"curies":[{"name":"wp","href":"https:\/\/api.w.org\/{rel}","templated":true}]}}