{"id":2,"date":"2021-07-19T16:56:31","date_gmt":"2021-07-19T13:56:31","guid":{"rendered":"https:\/\/jarviseutuseurafi.test.cchosting.fi\/?page_id=2"},"modified":"2021-07-19T19:32:02","modified_gmt":"2021-07-19T16:32:02","slug":"esimerkkisivu","status":"publish","type":"page","link":"https:\/\/jarviseutuseura.fi\/","title":{"rendered":"Etusivu"},"content":{"rendered":"\n<p>J\u00e4rviseutu-Seuran edelt\u00e4j\u00e4 J\u00e4rviseututoimikunta perustettiin v. 1961 Lappaj\u00e4rvel\u00e4 Alasen kahvilassa. Toimikunnan tarkoitus oli toimia yhteisty\u00f6elimen\u00e4 alueen pit\u00e4j\u00e4seuroille. Toimikunta alkoi my\u00f6s julkaista J\u00e4rviseudun Sanomat-lehte\u00e4 jonka ensimm\u00e4inen n\u00e4ytenumero ilmestyi 11.10.1962.&nbsp;<\/p>\n\n\n\n<p>J\u00e4rviseututoimikunnan&nbsp; ty\u00f6n jatkajan&nbsp; J\u00e4rviseutu-Seuran perustava kokous pidettiin marraskuussa 1967.&nbsp;<\/p>\n\n\n\n<p>Seuran teht\u00e4v\u00e4 ja tarkoitus on mm. edist\u00e4\u00e4 ja tarvittaessa ohjata J\u00e4rviseudulla teht\u00e4v\u00e4\u00e4 kotiseututy\u00f6t\u00e4, paikalliskulttuurin tutkimista, elvytt\u00e4mist\u00e4 ja kehitt\u00e4mist\u00e4 sek\u00e4 harjoittaa julkaisutoimintaa.&nbsp; Sen lis\u00e4ksi seura pyrkii her\u00e4tt\u00e4m\u00e4\u00e4n alueensa kansalaisissa ja erityisesti nuorisossa kiinnostusta kotiseutuun, kotiseutukulttuuriin ja esipolvien ty\u00f6h\u00f6n.<\/p>\n\n\n\n<p>Seuran toimialue on perinteisen Etel\u00e4-Pohjanmaan J\u00e4rviseudun seitsem\u00e4n pit\u00e4j\u00e4\u00e4: Alaj\u00e4rvi, Evij\u00e4rvi, Kortesj\u00e4rvi (Kauhava), Lappaj\u00e4rvi, Lehtim\u00e4ki (Alaj\u00e4rvi), Soini ja Vimpeli.<\/p>\n\n\n\n<h2 class=\"wp-block-heading\">Seutulaari<\/h2>\n\n\n\n<p>Seuran kotisivujen kautta p\u00e4\u00e4see tutkimaan monia julkaisuja, jotka on taltioitu J\u00e4rviseutu-Seuran hallinnoimaan kotiseutuarkistoon, Seutulaariin. Seutulaarissa voi k\u00e4yd\u00e4 lukemassa vuosien varrella julkaistuja J\u00e4rviseudun Sanomia, Ranstakka-lehti\u00e4 ja eri pit\u00e4jien joululehti\u00e4.&nbsp;<br>Lehtien lukemiseen ei tarvita k\u00e4ytt\u00e4tunnusta eik\u00e4 rekister\u00f6itymist\u00e4.<\/p>\n\n\n\n<h2 class=\"wp-block-heading\">Seudun Tarinoita<\/h2>\n\n\n\n<p>Seudun Tarinoita sivuston tarkoituksena on ker\u00e4t\u00e4 ja tallentaa aineistoa Etel\u00e4-Pohjanmaan J\u00e4rviseudulta.<\/p>\n\n\n\n<p>Seudun Tarinoita sivuston materiaalin lukemiseen ei tarvita k\u00e4ytt\u00e4tunnusta eik\u00e4 rekister\u00f6itymist\u00e4.<\/p>\n\n\n\n<p>Kirjoittaminen Seudun Tarinoita sivustolle vaatii rekister\u00f6itymist\u00e4. Kertynyt aineisto on kaikkien luettavissa ja rekister\u00f6ityneet k\u00e4ytt\u00e4j\u00e4t voivat tehd\u00e4 lis\u00e4yksi\u00e4 ja muutoksia tekstiin.<\/p>\n","protected":false},"excerpt":{"rendered":"<p>J\u00e4rviseutu-Seuran edelt\u00e4j\u00e4 J\u00e4rviseututoimikunta perustettiin v. 1961 Lappaj\u00e4rvel\u00e4 Alasen kahvilassa. Toimikunnan tarkoitus oli toimia yhteisty\u00f6elimen\u00e4 alueen pit\u00e4j\u00e4seuroille. Toimikunta alkoi my\u00f6s julkaista J\u00e4rviseudun Sanomat-lehte\u00e4 jonka ensimm\u00e4inen n\u00e4ytenumero ilmestyi 11.10.1962.&nbsp; J\u00e4rviseututoimikunnan&nbsp; ty\u00f6n jatkajan&nbsp; J\u00e4rviseutu-Seuran perustava kokous pidettiin marraskuussa 1967.&nbsp; Seuran teht\u00e4v\u00e4 ja tarkoitus on mm. edist\u00e4\u00e4 ja tarvittaessa ohjata J\u00e4rviseudulla teht\u00e4v\u00e4\u00e4 kotiseututy\u00f6t\u00e4, paikalliskulttuurin tutkimista, elvytt\u00e4mist\u00e4 ja kehitt\u00e4mist\u00e4 sek\u00e4&#8230;  <a class=\"excerpt-read-more\" href=\"https:\/\/jarviseutuseura.fi\/\" title=\"Read Etusivu\">Read more &raquo;<\/a><\/p>\n","protected":false},"author":1,"featured_media":0,"parent":0,"menu_order":0,"comment_status":"closed","ping_status":"open","template":"","meta":{"footnotes":""},"class_list":["post-2","page","type-page","status-publish","hentry"],"_links":{"self":[{"href":"https:\/\/jarviseutuseura.fi\/index.php\/wp-json\/wp\/v2\/pages\/2","targetHints":{"allow":["GET"]}}],"collection":[{"href":"https:\/\/jarviseutuseura.fi\/index.php\/wp-json\/wp\/v2\/pages"}],"about":[{"href":"https:\/\/jarviseutuseura.fi\/index.php\/wp-json\/wp\/v2\/types\/page"}],"author":[{"embeddable":true,"href":"https:\/\/jarviseutuseura.fi\/index.php\/wp-json\/wp\/v2\/users\/1"}],"replies":[{"embeddable":true,"href":"https:\/\/jarviseutuseura.fi\/index.php\/wp-json\/wp\/v2\/comments?post=2"}],"version-history":[{"count":3,"href":"https:\/\/jarviseutuseura.fi\/index.php\/wp-json\/wp\/v2\/pages\/2\/revisions"}],"predecessor-version":[{"id":29,"href":"https:\/\/jarviseutuseura.fi\/index.php\/wp-json\/wp\/v2\/pages\/2\/revisions\/29"}],"wp:attachment":[{"href":"https:\/\/jarviseutuseura.fi\/index.php\/wp-json\/wp\/v2\/media?parent=2"}],"curies":[{"name":"wp","href":"https:\/\/api.w.org\/{rel}","templated":true}]}}