{"id":7,"date":"2021-07-19T18:06:10","date_gmt":"2021-07-19T15:06:10","guid":{"rendered":"https:\/\/jarviseutuseurafi.test.cchosting.fi\/?page_id=7"},"modified":"2023-09-11T11:12:34","modified_gmt":"2023-09-11T08:12:34","slug":"yhteystiedot","status":"publish","type":"page","link":"https:\/\/jarviseutuseura.fi\/index.php\/yhteystiedot\/","title":{"rendered":"Yhteystiedot"},"content":{"rendered":"\n<p><strong>Puheenjohtaja:\u00a0<\/strong><br>Tuija Matintupa<br>Maneesintie 1, 62600 Lappaj\u00e4rvi<br>tuija.matintupa@unisport.com<br>+358407093684<\/p>\n\n\n\n<p><strong>Hallituksen j\u00e4senet:&nbsp;<br><\/strong>Tuija Matintupa -puheenjohtaja (Alaj\u00e4rvi), Lasse Autio -varapuheenjohtaja (Soini), Mauri Jokela (Kortesj\u00e4rvi), Antti-Kalle Levijoki (Alaj\u00e4rvi), Lauri Mattila (Pietarsaari), Urpo Purola (Lappaj\u00e4rvi), Hannu Takala (Vimpeli), Heikki Valijoki (Evij\u00e4rvi), Sihteeri ja rahastonhoitaja Riitta T\u00e4htinen. <\/p>\n\n\n\n<p>Teknisiss\u00e4 ongelmissa kotisivujen kanssa yhteys; hannu.takala@jarviseudunsanomat.fi<\/p>\n\n\n\n<p>Seuran Y-tunnus: 0209092-7<\/p>\n\n\n\n<p><\/p>\n\n\n\n<div class=\"wp-block-columns is-layout-flex wp-container-core-columns-is-layout-9d6595d7 wp-block-columns-is-layout-flex\">\n<div class=\"wp-block-column is-layout-flow wp-block-column-is-layout-flow\" style=\"flex-basis:100%\"><div class=\"wpforms-container wpforms-container-full wpforms-block wpforms-block-bca2a18b-f7c7-4bfc-97fd-ed1463df6c1f\" id=\"wpforms-37\"><form id=\"wpforms-form-37\" class=\"wpforms-validate wpforms-form wpforms-ajax-form\" data-formid=\"37\" method=\"post\" enctype=\"multipart\/form-data\" action=\"\/index.php\/wp-json\/wp\/v2\/pages\/7\" data-token=\"25b04999ab805523653336017da088a7\" data-token-time=\"1776526051\"><div class=\"wpforms-head-container\"><div class=\"wpforms-title\">Ota yhteytt\u00e4<\/div><\/div><noscript class=\"wpforms-error-noscript\">Please enable JavaScript in your browser to complete this form.<\/noscript><div class=\"wpforms-field-container\"><div id=\"wpforms-37-field_0-container\" class=\"wpforms-field wpforms-field-name\" data-field-id=\"0\"><label class=\"wpforms-field-label\" for=\"wpforms-37-field_0\">Nimi <span class=\"wpforms-required-label\">*<\/span><\/label><input type=\"text\" id=\"wpforms-37-field_0\" class=\"wpforms-field-medium wpforms-field-required\" name=\"wpforms[fields][0]\" required><\/div><div id=\"wpforms-37-field_1-container\" class=\"wpforms-field wpforms-field-email\" data-field-id=\"1\"><label class=\"wpforms-field-label\" for=\"wpforms-37-field_1\">S\u00e4hk\u00f6posti <span class=\"wpforms-required-label\">*<\/span><\/label><input type=\"email\" id=\"wpforms-37-field_1\" class=\"wpforms-field-medium wpforms-field-required\" name=\"wpforms[fields][1]\" spellcheck=\"false\" required><\/div><div id=\"wpforms-37-field_2-container\" class=\"wpforms-field wpforms-field-textarea\" data-field-id=\"2\"><label class=\"wpforms-field-label\" for=\"wpforms-37-field_2\">Viesti <span class=\"wpforms-required-label\">*<\/span><\/label><textarea id=\"wpforms-37-field_2\" class=\"wpforms-field-medium wpforms-field-required\" name=\"wpforms[fields][2]\" required><\/textarea><\/div><\/div><!-- .wpforms-field-container --><div class=\"wpforms-submit-container\" ><input type=\"hidden\" name=\"wpforms[id]\" value=\"37\"><input type=\"hidden\" name=\"page_title\" value=\"\"><input type=\"hidden\" name=\"page_url\" value=\"https:\/\/jarviseutuseura.fi\/index.php\/wp-json\/wp\/v2\/pages\/7\"><input type=\"hidden\" name=\"url_referer\" value=\"\"><button type=\"submit\" name=\"wpforms[submit]\" id=\"wpforms-submit-37\" class=\"wpforms-submit\" data-alt-text=\"L\u00e4hetet\u00e4\u00e4n...\" data-submit-text=\"L\u00e4het\u00e4\" aria-live=\"assertive\" value=\"wpforms-submit\">L\u00e4het\u00e4<\/button><img loading=\"lazy\" decoding=\"async\" src=\"https:\/\/jarviseutuseura.fi\/wp-content\/plugins\/wpforms-lite\/assets\/images\/submit-spin.svg\" class=\"wpforms-submit-spinner\" style=\"display: none;\" width=\"26\" height=\"26\" alt=\"Loading\"><\/div><\/form><\/div>  <!-- .wpforms-container --><\/div>\n<\/div>\n","protected":false},"excerpt":{"rendered":"<p>Puheenjohtaja:\u00a0Tuija MatintupaManeesintie 1, 62600 Lappaj\u00e4rvituija.matintupa@unisport.com+358407093684 Hallituksen j\u00e4senet:&nbsp;Tuija Matintupa -puheenjohtaja (Alaj\u00e4rvi), Lasse Autio -varapuheenjohtaja (Soini), Mauri Jokela (Kortesj\u00e4rvi), Antti-Kalle Levijoki (Alaj\u00e4rvi), Lauri Mattila (Pietarsaari), Urpo Purola (Lappaj\u00e4rvi), Hannu Takala (Vimpeli), Heikki Valijoki (Evij\u00e4rvi), Sihteeri ja rahastonhoitaja Riitta T\u00e4htinen. Teknisiss\u00e4 ongelmissa kotisivujen kanssa yhteys; hannu.takala@jarviseudunsanomat.fi Seuran Y-tunnus: 0209092-7<\/p>\n","protected":false},"author":2,"featured_media":0,"parent":0,"menu_order":0,"comment_status":"closed","ping_status":"closed","template":"","meta":{"footnotes":""},"class_list":["post-7","page","type-page","status-publish","hentry"],"_links":{"self":[{"href":"https:\/\/jarviseutuseura.fi\/index.php\/wp-json\/wp\/v2\/pages\/7","targetHints":{"allow":["GET"]}}],"collection":[{"href":"https:\/\/jarviseutuseura.fi\/index.php\/wp-json\/wp\/v2\/pages"}],"about":[{"href":"https:\/\/jarviseutuseura.fi\/index.php\/wp-json\/wp\/v2\/types\/page"}],"author":[{"embeddable":true,"href":"https:\/\/jarviseutuseura.fi\/index.php\/wp-json\/wp\/v2\/users\/2"}],"replies":[{"embeddable":true,"href":"https:\/\/jarviseutuseura.fi\/index.php\/wp-json\/wp\/v2\/comments?post=7"}],"version-history":[{"count":13,"href":"https:\/\/jarviseutuseura.fi\/index.php\/wp-json\/wp\/v2\/pages\/7\/revisions"}],"predecessor-version":[{"id":84,"href":"https:\/\/jarviseutuseura.fi\/index.php\/wp-json\/wp\/v2\/pages\/7\/revisions\/84"}],"wp:attachment":[{"href":"https:\/\/jarviseutuseura.fi\/index.php\/wp-json\/wp\/v2\/media?parent=7"}],"curies":[{"name":"wp","href":"https:\/\/api.w.org\/{rel}","templated":true}]}}